{"id":78,"date":"2015-10-11T00:53:44","date_gmt":"2015-10-10T22:53:44","guid":{"rendered":"http:\/\/gte-oberflaechentechnik.de\/?page_id=78"},"modified":"2015-11-29T02:57:01","modified_gmt":"2015-11-29T01:57:01","slug":"agbs","status":"publish","type":"page","link":"https:\/\/gte-oberflaechentechnik.de\/?page_id=78","title":{"rendered":"AGB\u00b4s"},"content":{"rendered":"<h1><span style=\"font-family: Arial, Helvetica, sans-serif; font-size: small;\"><span style=\"color: #0000cc; font-size: medium;\">Allgemeine Gesch\u00e4ftsbedingungen f\u00fcr Verkauf und Lieferung<\/span><\/span><\/h1>\n<table border=\"0\" width=\"97%\" align=\"center\">\n<tbody>\n<tr>\n<td style=\"text-align: justify;\" width=\"32%\"><span style=\"font-family: Verdana;\"><b><span style=\"color: #0000cc;\">1. Allgemeines<\/span><\/b><\/span><span style=\"color: #0000cc;\"><span style=\"color: #0000cc;\"><br \/>\n<\/span><\/span>Unseren Lieferungen und Leistungen liegen ausschlie\u00dflich die nachfolgenden Gesch\u00e4ftsbedingungen zugrunde. Allgemeine Gesch\u00e4ftsbedingungen eines Bestellers werden in keinem Fall Vertragsgegenstand. \u00dcbertragungen von Rechten und Pflichten des K\u00e4ufers aus dem Kaufvertrag bed\u00fcrfen der schriftlichen Zustimmung des Verk\u00e4ufers.<span style=\"color: #0000ff;\">2. Geltendes Recht<\/span><br \/>\nF\u00fcr diese Gesch\u00e4ftsbedingungen sowie die Gesch\u00e4ftsbeziehungen zwischen dem Verk\u00e4ufer und dem K\u00e4ufer gilt das Recht der Bundesrepublik Deutschland. Andere nationale Rechte sowie das internationale Kaufrecht werden ausgeschlossen.<span style=\"color: #0000ff;\">3. Preise<\/span><br \/>\nUnsere auf der Homepage und im Katalog angegebenen Preise sind freibleibend. Sollte sich der im Katalog angegebene Preis ge\u00e4ndert haben, wird dem Besteller durch Mitteilung des ge\u00e4nderten Preises Gelegenheit gegeben, innerhalb von 8 Tagen vom Vertrag zur\u00fcckzutreten. Danach gilt der angegebene Preis als anerkannt. Alle Preise verstehen sich inklusive der g\u00fcltigen Mehrwertsteuer und zuz\u00fcglich Verpackung, Transport sowie Frachtversicherung. Kostenvoranschl\u00e4ge k\u00f6nnen bis zu 20% \u00fcberschritten werden. Irrt\u00fcmer und Druckfehler in der Preisstellung bleiben vorbehalten. Bitte beachten Sie eventuell aktualisierte Preise.<\/p>\n<p><span style=\"color: #0000ff;\">4. Lieferbedingungen<\/span><br \/>\nTeillieferungen und Teilleistungen sind zul\u00e4ssig. Jede Teillieferung und Teilleistung gilt in diesem Falle als selbstst\u00e4ndige Lieferung und Leistung. Alle Lagerartikel werden innerhalb von 14 Tagen nach Bestellungseingang versandt. Alle anderen Artikel werden sofort nach Lager-Eingang versandt. Sollte die Lieferung l\u00e4nger als 6 Wochen dauern, kann der Kunde durch schriftliche Mitteilung vom Kauf zur\u00fccktreten. Die von uns angegebenen Lieferfristen sind unverbindlich. Der Versand der Ware erfolgt stets auf Gefahr und Rechnung des K\u00e4ufers. Sollte die Ware nicht zur Verf\u00fcgung stehen, \u00fcbernehmen wir keine Regressanspr\u00fcche.<br \/>\nAlle Warensendungen sind grunds\u00e4tzlich bis zu einem Betrag von 500,00 Euro gegen Verlust und Besch\u00e4digung versichert. Auf schriftlichen Wunsch des K\u00e4ufers wird auf dessen Kosten eine h\u00f6here Transportversicherung abgeschlossen. Transportsch\u00e4den m\u00fcssen sofort dem Zusteller der Post, der Bahn oder dem Spediteur gemeldet werden. Sollte der K\u00e4ufer die bestellte Ware nicht abnehmen oder die Annahme verweigern, so ist der K\u00e4ufer verpflichtet, die dem Verk\u00e4ufer entstandenen Versandkosten sowie 10% Schadensersatz zu ersetzen.<\/p>\n<p><span style=\"color: #0000ff;\">5. Zahlungsbedingungen<\/span><br \/>\nDie Leistung erfolgt per Vorkasse, sofern nichts anderes vereinbart worden ist. Rechnungen sind in f\u00fcr uns verlustfreier Weise zu bezahlen. Schecks werden nicht angenommen. Bei \u00dcberschreitung des Zahlungstermins behalten wir uns die Berechnung von Verzugszinsen vor.<br \/>\nDer K\u00e4ufer ist nicht berechtigt, wegen eigener streitiger Gew\u00e4hrleistungsanspr\u00fcche den Kaufpreis zur\u00fcck zu halten oder mit nicht anerkannten oder nicht rechtskr\u00e4ftig festgestellten Forderungen aufzurechnen oder ein Zur\u00fcckbehaltungsrecht geltend zu machen.<\/p>\n<p><span style=\"color: #0000ff;\">6. Eigentumsvorbehalt<\/span><br \/>\nDie Ware bleibt bis zum Ausgleich der dem Verk\u00e4ufer aufgrund des Kaufvertrags zustehenden Forderungen Eigentum des Verk\u00e4ufers. Ist der K\u00e4ufer eine jursitische Person des \u00f6ffentlichen Rechts, ein \u00f6ffentlich-rechtliches Sonderverm\u00f6gen oder ein Kaufmann<\/p>\n<p>&nbsp;<\/td>\n<td style=\"text-align: justify;\" width=\"1%\"><span style=\"color: #0000ff;\">\u00a0<\/span><\/td>\n<td style=\"text-align: justify;\" width=\"32%\">bei dem der Vertrag zum Betrieb seines Handelsgewerbes geh\u00f6rt, gilt der Eigentumsvorbehalt f\u00fcr die Forderungen, die der Verk\u00e4ufer aus seinen laufenden Gesch\u00e4ftsbeziehungen gegen\u00fcber dem K\u00e4ufer hat. Auf Verlangen des K\u00e4ufers ist der Verk\u00e4ufer zum Verzicht auf den Eigentumsvorbehalt verpflichtet, wenn der K\u00e4ufer s\u00e4mtliche mit dem Kaufgegenstand in Zusammenhang stehende Forderungen erf\u00fcllt hat und f\u00fcr die \u00fcbrigen Forderungen aus der laufenden Gesch\u00e4ftsbeziehung eine angemessene Sicherung besteht.<\/p>\n<p><span style=\"color: #0000ff;\">7. Gew\u00e4hrleistung<\/span><br \/>\nWir gew\u00e4hren auf alle von uns gelieferten Produkte die gesetzliche Gew\u00e4hrleistungsfrist, beginnend mit dem Erhalt der Ware. Der K\u00e4ufer hat zun\u00e4chst nur Anspruch auf Beseitigung von Fehlern (Nachbesserung) und erst nach erfolgloser Nachbesserung Anspruch auf Wandlung des Kaufvertrages. Ein Anspruch auf Ersatzlieferung besteht nicht.<br \/>\nFerner kann beim Verchromen\/Vergolden keine Garantie auf Funktion des Artikels sowie auf G\u00fcte und Haltbarkeit der Oberfl\u00e4che gegeben werden.<\/p>\n<p>F\u00fcr die Nachbesserung gilt:<br \/>\na) Der K\u00e4ufer hat Fehler unverz\u00fcglich nach deren Feststellung bei dem Verk\u00e4ufer entweder schiftlich anzuzeigen oder von ihm aufnehmen zu lassen. F\u00fcr die bei der Nachbesserung eingebauten Teile wird bis zum Ablauf der Gew\u00e4hrleistungsfrist des Kaufgegenstandes Gew\u00e4hr aufgrund des Kaufvertrages geleistet.<br \/>\nb) Gew\u00e4hrleistungsverpflichtungen bestehen nicht, wenn der aufgetretene Fehler in urs\u00e4chlichem Zusammenhang damit steht, dass der K\u00e4ufer einen Fehler gem\u00e4\u00df Ziffer 7a angezeigt und unverz\u00fcglich Gelegenheit zur Nachbesserung gegeben hat. der Kaufgegenstand unsachgem\u00e4\u00df behandelt, \u00fcberbeansprucht oder in jeglicher Weise bearbeitet worden ist, in den Kaufgegenstand Teile eingebaut worden sind, deren Verwendung der Verk\u00e4ufer nicht genehmigt hat. Der K\u00e4ufer die Vorschriften \u00fcber die Behandlung, Wartung und Pflege des Kaufgegenstandes (z.B. Betriebsanleitung) nicht befolgt hat oder der K\u00e4ufer den Kaufgegenstand f\u00fcr motorsportliche Zwecke eingesetzt bzw. in ein entsprechendes Fahrzeug verbaut hat.<br \/>\nNat\u00fcrlicher Verschlei\u00df ist von der Gew\u00e4hrleistung ausgeschlossen. F\u00fcr Inkompatibilit\u00e4ten zu Fremdprodukten wird keine Haftung \u00fcbernommen.<br \/>\nc) Retouren im Gew\u00e4hrleistungsfall werden nur dann angenommen, wenn die R\u00fccksendung uns unter Angabe der Rechnungsnummer sowie ggf. der Fehlerbeschreibung vorab mitgeteilt worden ist. Des weiteren muss uns der K\u00e4ufer die M\u00f6glichkeit geben, die Waren durch einen Paketdienst abholen zu lassen. Wir bitten den K\u00e4ufer eine Kopie der Rechnung der R\u00fccksendung beizulegen. Unfreie Sendungen k\u00f6nnen nicht angenommen werden. Wird w\u00e4hrend der Garantiezeit Ware unberechtigt als fehler- oder mangelhaft an den Verk\u00e4ufer zur\u00fcckgesandt, berechnen wir die durch die unberechtigten M\u00e4ngelr\u00fcgen entstehenden Kosten sowie die Versandkosten.<\/p>\n<p><span style=\"color: #0000ff;\">8. R\u00fcckgaberecht (Endverbraucher)<\/span><br \/>\nJedes Produkt, das Sie als Endverbraucher bei uns per Telefon, Fax, Email oder Bestellschein bestellen, k\u00f6nnen Sie innerhalb von 14 Tagen nach Eingang der ersten Lieferung an uns zur\u00fcckgeben. Ihr Widerruf muss schriftlich erfolgen. Wir werden die betreffenden Artikel im Regelfall durch einen Paketdienst unserer Wahl abholen lassen. Bitte f\u00fcgen Sie der R\u00fccksendung eine Rechnungskopie bei und vermerken Sie dazu lediglich, dass Sie von Ihrem R\u00fcckgaberecht Gebrauch machen wollen &#8211; wir erstatten Ihnen dann den Kaufpreis in Form einer Gutschrift die mit<\/td>\n<td width=\"1%\"><\/td>\n<td width=\"31%\">\n<p align=\"justify\">einer nachfolgenden Lieferung verrechnet wird. Erst mit der R\u00fccksendung und dem Eingang der Ware bei uns wird der Kaufvertrag hinf\u00e4llig. Bedingung f\u00fcr die Erstattung des Kaufbetrages ist, dass sich die Ware in ungenutztem und wieder-verkaufsf\u00e4higem Zustand befindet, keine Gebrauchsspuren aufweist und in der unbesch\u00e4digten und un-beklebten Originalverpackung zur\u00fcckgeschickt wird. Bitte beachten Sie, dass Artikel, welche von uns oder vom Hersteller versiegelt worden sind, nicht als Neuware zur\u00fcckgenommen werden k\u00f6nnen. Das \u00d6ffnen der Versiegelung gilt als Indiz f\u00fcr die Benutzung der Ware. Das R\u00fcckgaberecht gilt nur f\u00fcr handels\u00fcbliche Mengen von Endverbrauchern. Verbrauchsmaterialien (Batterien, Akkus etc.) sind nach dem \u00d6ffnen der Versiegelung von der R\u00fcckgabe ausgeschlossen, Ma\u00dfwaren und Sonderbestellungen (z. B. Felgen, \u00dcberrollk\u00e4fige) sind generell von der R\u00fcckgabe ausgeschlossen.<\/p>\n<p><span style=\"color: #0000ff;\">9. R\u00fcckgaberecht<\/span><br \/>\n(f\u00fcr Unternehmer und f\u00fcr den Ladenverkauf)<br \/>\nIst der K\u00e4ufer ein Unternehmer (eine nat\u00fcrliche oder juristische Person oder eine rechtsf\u00e4hige Personengesellschaft, die bei Abschluss eines Rechtsgesch\u00e4ftes in Aus\u00fcbung ihrer gewerblichen oder selbstst\u00e4ndigen beruflichen T\u00e4tigkeit handelt), so ist der Umtausch ausgeschlossen. Sollte aus Kulanzgr\u00fcnden eine R\u00fccknahme durch uns erfolgen, so werden 10% des Warenwertes als Aufwand zum Abzug gebracht. Diese Bedingungen gelten ebenfalls f\u00fcr den Ladenverkauf in unseren Firmenr\u00e4umlichkeiten.<\/p>\n<p><span style=\"color: #0000ff;\">10. Haftung<\/span><br \/>\nDie Haftung der gesetzlichen Vertreter, Erf\u00fcllungs-Gehilfen und Betriebangeh\u00f6rigen des Verk\u00e4ufers gegen\u00fcber dem Verk\u00e4ufer wird au\u00dfer in den F\u00e4llen des Vorsatzes und der groben Fahrl\u00e4ssigkeit ausgeschlossen. Die von uns angebotenen Artikel sind f\u00fcr den Motorsport konzipiert worden &#8211; aus diesem Grund existiert f\u00fcr keinen dieser Artikel soweit nicht anders angegeben, eine T\u00dcV-Bescheinigung bzw. eine Allgemeine Betriebserlaubnis (ABE) f\u00fcr den Stra\u00dfenverkehr. Deshalb lehnen wir jede Verantwortung in Bezug auf ihre Verwendung im Stra\u00dfenverkehr ab. Des weiteren lehnen wir jegliche Haftung nach dem Produkthaftungsgesetz ab, da wir nicht Hersteller der von uns angebotenen Artikel sind, sondern diese nur vertreiben.<\/p>\n<p><span style=\"color: #0000ff;\">11. Erf\u00fcllungsort, Gerichtsstand<\/span><br \/>\nErf\u00fcllungsort ist der Sitz des Verk\u00e4ufers. F\u00fcr s\u00e4mtliche gegenw\u00e4rtigen und zuk\u00fcnftigen Anspr\u00fcche aus der Gesch\u00e4ftsverbindung mit Vollkaufleuten einschlie\u00dflich Wechsel und Scheckforderungen ist ausschlie\u00dflicher Gerichtsstand der Sitz des Verk\u00e4ufers. Der gleiche Gerichtsstand gilt, wenn der K\u00e4ufer keinen allgemeinen Gerichtsstand im Inland hat, nach Vertragsabschluss seinen Wohnsitz oder gew\u00f6hnlichen Aufenthaltsort zum Zeitpunkt der Klageerhebung nicht bekannt ist.<\/p>\n<p><span style=\"color: #0000ff;\">12. Datenschutz<\/span><br \/>\nDer K\u00e4ufer ist damit einverstanden, dass seine dem Verk\u00e4ufer im Rahmen der Gesch\u00e4ftsbeziehung zugehenden pers\u00f6nlichen Daten per EDV-Anlage gespeichert und verarbeitet werden. Die Daten werden streng vertraulich behandelt.<\/p>\n<p><span style=\"color: #0000ff;\">13. Teilunwirksamkeit<\/span><br \/>\nBei Unwirksamkeit einzelner Bestimmungen bleibt die Geltung der \u00fcbrigen Bestimmungen unber\u00fchrt.<\/p>\n<p>&nbsp;<\/td>\n<\/tr>\n<\/tbody>\n<\/table>\n<p style=\"text-align: justify;\" align=\"center\"><span style=\"color: #0000ff; font-family: Verdana;\">GTE-Motorsport &amp; Oberfl\u00e4chentechnik<\/span><\/p>\n","protected":false},"excerpt":{"rendered":"<p>Allgemeine Gesch\u00e4ftsbedingungen f\u00fcr Verkauf und Lieferung 1. Allgemeines Unseren Lieferungen und Leistungen liegen ausschlie\u00dflich die nachfolgenden Gesch\u00e4ftsbedingungen zugrunde. Allgemeine Gesch\u00e4ftsbedingungen eines Bestellers werden in keinem Fall Vertragsgegenstand. \u00dcbertragungen von Rechten <a class=\"more-link\" href=\"https:\/\/gte-oberflaechentechnik.de\/?page_id=78\"><\/a><\/p>\n","protected":false},"author":1,"featured_media":0,"parent":0,"menu_order":0,"comment_status":"closed","ping_status":"closed","template":"","meta":{"footnotes":""},"class_list":["post-78","page","type-page","status-publish","hentry"],"yoast_head":"<!-- This site is optimized with the Yoast SEO plugin v26.5 - https:\/\/yoast.com\/wordpress\/plugins\/seo\/ -->\n<title>AGB\u00b4s - Motorsport &amp; Oberfl\u00e4chentechnik<\/title>\n<meta name=\"robots\" content=\"index, follow, max-snippet:-1, max-image-preview:large, max-video-preview:-1\" \/>\n<link rel=\"canonical\" href=\"https:\/\/gte-oberflaechentechnik.de\/?page_id=78\" \/>\n<meta property=\"og:locale\" content=\"de_DE\" \/>\n<meta property=\"og:type\" content=\"article\" \/>\n<meta property=\"og:title\" content=\"AGB\u00b4s - Motorsport &amp; Oberfl\u00e4chentechnik\" \/>\n<meta property=\"og:description\" content=\"Allgemeine Gesch\u00e4ftsbedingungen f\u00fcr Verkauf und Lieferung 1. Allgemeines Unseren Lieferungen und Leistungen liegen ausschlie\u00dflich die nachfolgenden Gesch\u00e4ftsbedingungen zugrunde. Allgemeine Gesch\u00e4ftsbedingungen eines Bestellers werden in keinem Fall Vertragsgegenstand. \u00dcbertragungen von Rechten\" \/>\n<meta property=\"og:url\" content=\"https:\/\/gte-oberflaechentechnik.de\/?page_id=78\" \/>\n<meta property=\"og:site_name\" content=\"Motorsport &amp; Oberfl\u00e4chentechnik\" \/>\n<meta property=\"article:modified_time\" content=\"2015-11-29T01:57:01+00:00\" \/>\n<meta name=\"twitter:card\" content=\"summary_large_image\" \/>\n<meta name=\"twitter:label1\" content=\"Gesch\u00e4tzte Lesezeit\" \/>\n\t<meta name=\"twitter:data1\" content=\"7\u00a0Minuten\" \/>\n<script type=\"application\/ld+json\" class=\"yoast-schema-graph\">{\"@context\":\"https:\/\/schema.org\",\"@graph\":[{\"@type\":\"WebPage\",\"@id\":\"https:\/\/gte-oberflaechentechnik.de\/?page_id=78\",\"url\":\"https:\/\/gte-oberflaechentechnik.de\/?page_id=78\",\"name\":\"AGB\u00b4s - Motorsport &amp; Oberfl\u00e4chentechnik\",\"isPartOf\":{\"@id\":\"http:\/\/gte-oberflaechentechnik.de\/#website\"},\"datePublished\":\"2015-10-10T22:53:44+00:00\",\"dateModified\":\"2015-11-29T01:57:01+00:00\",\"breadcrumb\":{\"@id\":\"https:\/\/gte-oberflaechentechnik.de\/?page_id=78#breadcrumb\"},\"inLanguage\":\"de\",\"potentialAction\":[{\"@type\":\"ReadAction\",\"target\":[\"https:\/\/gte-oberflaechentechnik.de\/?page_id=78\"]}]},{\"@type\":\"BreadcrumbList\",\"@id\":\"https:\/\/gte-oberflaechentechnik.de\/?page_id=78#breadcrumb\",\"itemListElement\":[{\"@type\":\"ListItem\",\"position\":1,\"name\":\"Home\",\"item\":\"http:\/\/gte-oberflaechentechnik.de\/\"},{\"@type\":\"ListItem\",\"position\":2,\"name\":\"AGB\u00b4s\"}]},{\"@type\":\"WebSite\",\"@id\":\"http:\/\/gte-oberflaechentechnik.de\/#website\",\"url\":\"http:\/\/gte-oberflaechentechnik.de\/\",\"name\":\"Motorsport &amp; Oberfl\u00e4chentechnik\",\"description\":\"Metallbearbeitung f\u00fcr Privat, Handwerk und Industrie!\",\"publisher\":{\"@id\":\"http:\/\/gte-oberflaechentechnik.de\/#organization\"},\"potentialAction\":[{\"@type\":\"SearchAction\",\"target\":{\"@type\":\"EntryPoint\",\"urlTemplate\":\"http:\/\/gte-oberflaechentechnik.de\/?s={search_term_string}\"},\"query-input\":{\"@type\":\"PropertyValueSpecification\",\"valueRequired\":true,\"valueName\":\"search_term_string\"}}],\"inLanguage\":\"de\"},{\"@type\":\"Organization\",\"@id\":\"http:\/\/gte-oberflaechentechnik.de\/#organization\",\"name\":\"Motorsport &amp; Oberfl\u00e4chentechnik\",\"url\":\"http:\/\/gte-oberflaechentechnik.de\/\",\"logo\":{\"@type\":\"ImageObject\",\"inLanguage\":\"de\",\"@id\":\"http:\/\/gte-oberflaechentechnik.de\/#\/schema\/logo\/image\/\",\"url\":\"https:\/\/i0.wp.com\/gte-oberflaechentechnik.de\/wp-content\/uploads\/2015\/11\/cropped-logo-ohne.jpg?fit=84%2C72&ssl=1\",\"contentUrl\":\"https:\/\/i0.wp.com\/gte-oberflaechentechnik.de\/wp-content\/uploads\/2015\/11\/cropped-logo-ohne.jpg?fit=84%2C72&ssl=1\",\"width\":84,\"height\":72,\"caption\":\"Motorsport &amp; Oberfl\u00e4chentechnik\"},\"image\":{\"@id\":\"http:\/\/gte-oberflaechentechnik.de\/#\/schema\/logo\/image\/\"}}]}<\/script>\n<!-- \/ Yoast SEO plugin. -->","yoast_head_json":{"title":"AGB\u00b4s - Motorsport &amp; Oberfl\u00e4chentechnik","robots":{"index":"index","follow":"follow","max-snippet":"max-snippet:-1","max-image-preview":"max-image-preview:large","max-video-preview":"max-video-preview:-1"},"canonical":"https:\/\/gte-oberflaechentechnik.de\/?page_id=78","og_locale":"de_DE","og_type":"article","og_title":"AGB\u00b4s - Motorsport &amp; Oberfl\u00e4chentechnik","og_description":"Allgemeine Gesch\u00e4ftsbedingungen f\u00fcr Verkauf und Lieferung 1. Allgemeines Unseren Lieferungen und Leistungen liegen ausschlie\u00dflich die nachfolgenden Gesch\u00e4ftsbedingungen zugrunde. Allgemeine Gesch\u00e4ftsbedingungen eines Bestellers werden in keinem Fall Vertragsgegenstand. \u00dcbertragungen von Rechten","og_url":"https:\/\/gte-oberflaechentechnik.de\/?page_id=78","og_site_name":"Motorsport &amp; Oberfl\u00e4chentechnik","article_modified_time":"2015-11-29T01:57:01+00:00","twitter_card":"summary_large_image","twitter_misc":{"Gesch\u00e4tzte Lesezeit":"7\u00a0Minuten"},"schema":{"@context":"https:\/\/schema.org","@graph":[{"@type":"WebPage","@id":"https:\/\/gte-oberflaechentechnik.de\/?page_id=78","url":"https:\/\/gte-oberflaechentechnik.de\/?page_id=78","name":"AGB\u00b4s - Motorsport &amp; Oberfl\u00e4chentechnik","isPartOf":{"@id":"http:\/\/gte-oberflaechentechnik.de\/#website"},"datePublished":"2015-10-10T22:53:44+00:00","dateModified":"2015-11-29T01:57:01+00:00","breadcrumb":{"@id":"https:\/\/gte-oberflaechentechnik.de\/?page_id=78#breadcrumb"},"inLanguage":"de","potentialAction":[{"@type":"ReadAction","target":["https:\/\/gte-oberflaechentechnik.de\/?page_id=78"]}]},{"@type":"BreadcrumbList","@id":"https:\/\/gte-oberflaechentechnik.de\/?page_id=78#breadcrumb","itemListElement":[{"@type":"ListItem","position":1,"name":"Home","item":"http:\/\/gte-oberflaechentechnik.de\/"},{"@type":"ListItem","position":2,"name":"AGB\u00b4s"}]},{"@type":"WebSite","@id":"http:\/\/gte-oberflaechentechnik.de\/#website","url":"http:\/\/gte-oberflaechentechnik.de\/","name":"Motorsport &amp; Oberfl\u00e4chentechnik","description":"Metallbearbeitung f\u00fcr Privat, Handwerk und Industrie!","publisher":{"@id":"http:\/\/gte-oberflaechentechnik.de\/#organization"},"potentialAction":[{"@type":"SearchAction","target":{"@type":"EntryPoint","urlTemplate":"http:\/\/gte-oberflaechentechnik.de\/?s={search_term_string}"},"query-input":{"@type":"PropertyValueSpecification","valueRequired":true,"valueName":"search_term_string"}}],"inLanguage":"de"},{"@type":"Organization","@id":"http:\/\/gte-oberflaechentechnik.de\/#organization","name":"Motorsport &amp; Oberfl\u00e4chentechnik","url":"http:\/\/gte-oberflaechentechnik.de\/","logo":{"@type":"ImageObject","inLanguage":"de","@id":"http:\/\/gte-oberflaechentechnik.de\/#\/schema\/logo\/image\/","url":"https:\/\/i0.wp.com\/gte-oberflaechentechnik.de\/wp-content\/uploads\/2015\/11\/cropped-logo-ohne.jpg?fit=84%2C72&ssl=1","contentUrl":"https:\/\/i0.wp.com\/gte-oberflaechentechnik.de\/wp-content\/uploads\/2015\/11\/cropped-logo-ohne.jpg?fit=84%2C72&ssl=1","width":84,"height":72,"caption":"Motorsport &amp; Oberfl\u00e4chentechnik"},"image":{"@id":"http:\/\/gte-oberflaechentechnik.de\/#\/schema\/logo\/image\/"}}]}},"jetpack_sharing_enabled":false,"_links":{"self":[{"href":"https:\/\/gte-oberflaechentechnik.de\/index.php?rest_route=\/wp\/v2\/pages\/78","targetHints":{"allow":["GET"]}}],"collection":[{"href":"https:\/\/gte-oberflaechentechnik.de\/index.php?rest_route=\/wp\/v2\/pages"}],"about":[{"href":"https:\/\/gte-oberflaechentechnik.de\/index.php?rest_route=\/wp\/v2\/types\/page"}],"author":[{"embeddable":true,"href":"https:\/\/gte-oberflaechentechnik.de\/index.php?rest_route=\/wp\/v2\/users\/1"}],"replies":[{"embeddable":true,"href":"https:\/\/gte-oberflaechentechnik.de\/index.php?rest_route=%2Fwp%2Fv2%2Fcomments&post=78"}],"version-history":[{"count":7,"href":"https:\/\/gte-oberflaechentechnik.de\/index.php?rest_route=\/wp\/v2\/pages\/78\/revisions"}],"predecessor-version":[{"id":716,"href":"https:\/\/gte-oberflaechentechnik.de\/index.php?rest_route=\/wp\/v2\/pages\/78\/revisions\/716"}],"wp:attachment":[{"href":"https:\/\/gte-oberflaechentechnik.de\/index.php?rest_route=%2Fwp%2Fv2%2Fmedia&parent=78"}],"curies":[{"name":"wp","href":"https:\/\/api.w.org\/{rel}","templated":true}]}}